{"id":90,"date":"2012-12-02T19:19:31","date_gmt":"2012-12-02T18:19:31","guid":{"rendered":"http:\/\/www.sm-kjn.waw.pl\/wordpress\/?page_id=90"},"modified":"2026-05-06T21:18:06","modified_gmt":"2026-05-06T20:18:06","slug":"strona-glowna","status":"publish","type":"page","link":"https:\/\/www.sm-kjn.waw.pl\/wordpress\/","title":{"rendered":"Strona g\u0142\u00f3wna"},"content":{"rendered":"<p style=\"text-align: justify;\"><a href=\"https:\/\/www.sm-kjn.waw.pl\/wordpress\/wp-content\/uploads\/2015\/01\/kjn-14-05-2009-04.jpg\"><img loading=\"lazy\" decoding=\"async\" class=\" size-medium wp-image-438 alignleft\" src=\"https:\/\/www.sm-kjn.waw.pl\/wordpress\/wp-content\/uploads\/2015\/01\/kjn-14-05-2009-04-300x201.jpg\" alt=\"SONY DSC\" width=\"300\" height=\"201\" srcset=\"https:\/\/www.sm-kjn.waw.pl\/wordpress\/wp-content\/uploads\/2015\/01\/kjn-14-05-2009-04-300x201.jpg 300w, https:\/\/www.sm-kjn.waw.pl\/wordpress\/wp-content\/uploads\/2015\/01\/kjn-14-05-2009-04-1024x685.jpg 1024w\" sizes=\"(max-width: 300px) 100vw, 300px\" \/><\/a>Historia Sp\u00f3\u0142dzielni Mieszkaniowej <strong>&#8222;KO\u0143SKI JAR-NUTKI&#8221;<\/strong> si\u0119ga grudnia 1991 roku, kiedy to zosta\u0142a ona zarejestrowana jako samodzielna sp\u00f3\u0142dzielnia, powsta\u0142a w wyniku podzia\u0142u SBM &#8222;Ursyn\u00f3w&#8221;. Zlokalizowana jest na warszawskim Ursynowie, w po\u0142udniowej cz\u0119\u015bci Warszawy. Obejmuje obszar\u00a0 ograniczony ulicami: Surowieckiego,\u00a0 Al. Komisji Edukacji Narodowej, Dolink\u0105 S\u0142u\u017cewieck\u0105 i Zaolzia\u0144sk\u0105.\u00a0Siedziba Sp\u00f3\u0142dzielni mie\u015bci si\u0119 przy ul. Nutki 2 w lokalu nr 2.<\/p>\n<p>Dane z kt\u00f3rych korzysta witryna www.sm-kjn.waw.pl przechowywane s\u0105\u00a0 na serwerach firmy home.pl<\/p>\n<p>&nbsp;<\/p>\n<p><a href=\"https:\/\/www.sm-kjn.waw.pl\/wordpress\/wp-content\/uploads\/2026\/05\/20260505.jpg\"><img loading=\"lazy\" decoding=\"async\" class=\"aligncenter wp-image-2537 size-full\" src=\"https:\/\/www.sm-kjn.waw.pl\/wordpress\/wp-content\/uploads\/2026\/05\/20260505.jpg\" alt=\"\" width=\"1248\" height=\"1752\" \/><\/a><\/p>\n<p><a href=\"https:\/\/www.sm-kjn.waw.pl\/wordpress\/wp-content\/uploads\/2025\/07\/Apel-do-mieszkancow-w-sprawie-segregacji-smieci.pdf\"><img loading=\"lazy\" decoding=\"async\" class=\"aligncenter wp-image-2537 size-full\" src=\"https:\/\/www.sm-kjn.waw.pl\/wordpress\/wp-content\/uploads\/2025\/07\/Apel-do-mieszkancow-w-sprawie-segregacji-smieci.jpg\" alt=\"\" width=\"1248\" height=\"1752\" srcset=\"https:\/\/www.sm-kjn.waw.pl\/wordpress\/wp-content\/uploads\/2025\/07\/Apel-do-mieszkancow-w-sprawie-segregacji-smieci.jpg 1248w, https:\/\/www.sm-kjn.waw.pl\/wordpress\/wp-content\/uploads\/2025\/07\/Apel-do-mieszkancow-w-sprawie-segregacji-smieci-214x300.jpg 214w, https:\/\/www.sm-kjn.waw.pl\/wordpress\/wp-content\/uploads\/2025\/07\/Apel-do-mieszkancow-w-sprawie-segregacji-smieci-729x1024.jpg 729w, https:\/\/www.sm-kjn.waw.pl\/wordpress\/wp-content\/uploads\/2025\/07\/Apel-do-mieszkancow-w-sprawie-segregacji-smieci-768x1078.jpg 768w, https:\/\/www.sm-kjn.waw.pl\/wordpress\/wp-content\/uploads\/2025\/07\/Apel-do-mieszkancow-w-sprawie-segregacji-smieci-1094x1536.jpg 1094w\" sizes=\"(max-width: 1248px) 100vw, 1248px\" \/><\/a><\/p>\n<p><a href=\"https:\/\/www.sm-kjn.waw.pl\/wordpress\/wp-content\/uploads\/2025\/07\/Powiadomienie-dotyczace-rozliczenia-za-I-polrocze-2025-r.pdf\"><img loading=\"lazy\" decoding=\"async\" class=\"aligncenter wp-image-2536 size-full\" src=\"https:\/\/www.sm-kjn.waw.pl\/wordpress\/wp-content\/uploads\/2025\/07\/Powiadomienie-dotyczace-rozliczenia-za-I-polrocze-2025-r.jpg\" alt=\"\" width=\"1248\" height=\"1752\" srcset=\"https:\/\/www.sm-kjn.waw.pl\/wordpress\/wp-content\/uploads\/2025\/07\/Powiadomienie-dotyczace-rozliczenia-za-I-polrocze-2025-r.jpg 1248w, https:\/\/www.sm-kjn.waw.pl\/wordpress\/wp-content\/uploads\/2025\/07\/Powiadomienie-dotyczace-rozliczenia-za-I-polrocze-2025-r-214x300.jpg 214w, https:\/\/www.sm-kjn.waw.pl\/wordpress\/wp-content\/uploads\/2025\/07\/Powiadomienie-dotyczace-rozliczenia-za-I-polrocze-2025-r-729x1024.jpg 729w, https:\/\/www.sm-kjn.waw.pl\/wordpress\/wp-content\/uploads\/2025\/07\/Powiadomienie-dotyczace-rozliczenia-za-I-polrocze-2025-r-768x1078.jpg 768w, https:\/\/www.sm-kjn.waw.pl\/wordpress\/wp-content\/uploads\/2025\/07\/Powiadomienie-dotyczace-rozliczenia-za-I-polrocze-2025-r-1094x1536.jpg 1094w\" sizes=\"(max-width: 1248px) 100vw, 1248px\" \/><\/a><\/p>\n<p><a href=\"https:\/\/www.sm-kjn.waw.pl\/wordpress\/wp-content\/uploads\/2024\/12\/20241231-Zaw.jpg\"><img loading=\"lazy\" decoding=\"async\" class=\"wp-image-2502 aligncenter\" src=\"https:\/\/www.sm-kjn.waw.pl\/wordpress\/wp-content\/uploads\/2024\/12\/20241231-Zaw-214x300.jpg\" alt=\"\" width=\"656\" height=\"920\" srcset=\"https:\/\/www.sm-kjn.waw.pl\/wordpress\/wp-content\/uploads\/2024\/12\/20241231-Zaw-214x300.jpg 214w, https:\/\/www.sm-kjn.waw.pl\/wordpress\/wp-content\/uploads\/2024\/12\/20241231-Zaw-729x1024.jpg 729w, https:\/\/www.sm-kjn.waw.pl\/wordpress\/wp-content\/uploads\/2024\/12\/20241231-Zaw-768x1078.jpg 768w, https:\/\/www.sm-kjn.waw.pl\/wordpress\/wp-content\/uploads\/2024\/12\/20241231-Zaw-1094x1536.jpg 1094w, https:\/\/www.sm-kjn.waw.pl\/wordpress\/wp-content\/uploads\/2024\/12\/20241231-Zaw.jpg 1248w\" sizes=\"(max-width: 656px) 100vw, 656px\" \/><\/a><\/p>\n<p style=\"text-align: center;\"><img loading=\"lazy\" decoding=\"async\" class=\"alignnone size-large wp-image-2236\" src=\"https:\/\/www.sm-kjn.waw.pl\/wordpress\/wp-content\/uploads\/2023\/03\/Pismo-cz.1-724x1024.jpg\" alt=\"\" width=\"640\" height=\"905\" srcset=\"https:\/\/www.sm-kjn.waw.pl\/wordpress\/wp-content\/uploads\/2023\/03\/Pismo-cz.1-724x1024.jpg 724w, https:\/\/www.sm-kjn.waw.pl\/wordpress\/wp-content\/uploads\/2023\/03\/Pismo-cz.1-212x300.jpg 212w, https:\/\/www.sm-kjn.waw.pl\/wordpress\/wp-content\/uploads\/2023\/03\/Pismo-cz.1-768x1087.jpg 768w, https:\/\/www.sm-kjn.waw.pl\/wordpress\/wp-content\/uploads\/2023\/03\/Pismo-cz.1-1086x1536.jpg 1086w, https:\/\/www.sm-kjn.waw.pl\/wordpress\/wp-content\/uploads\/2023\/03\/Pismo-cz.1-1448x2048.jpg 1448w, https:\/\/www.sm-kjn.waw.pl\/wordpress\/wp-content\/uploads\/2023\/03\/Pismo-cz.1.jpg 1538w\" sizes=\"(max-width: 640px) 100vw, 640px\" \/><\/p>\n<p style=\"text-align: center;\"><a href=\"https:\/\/www.sm-kjn.waw.pl\/wordpress\/wp-content\/uploads\/2023\/01\/Ceny-energii-cieplnej-01-23.pdf\"><img loading=\"lazy\" decoding=\"async\" class=\"alignnone wp-image-2235\" src=\"https:\/\/www.sm-kjn.waw.pl\/wordpress\/wp-content\/uploads\/2023\/03\/Pismo-cz.2-742x1024.jpg\" alt=\"\" width=\"643\" height=\"887\" srcset=\"https:\/\/www.sm-kjn.waw.pl\/wordpress\/wp-content\/uploads\/2023\/03\/Pismo-cz.2-742x1024.jpg 742w, https:\/\/www.sm-kjn.waw.pl\/wordpress\/wp-content\/uploads\/2023\/03\/Pismo-cz.2-218x300.jpg 218w, https:\/\/www.sm-kjn.waw.pl\/wordpress\/wp-content\/uploads\/2023\/03\/Pismo-cz.2-768x1059.jpg 768w, https:\/\/www.sm-kjn.waw.pl\/wordpress\/wp-content\/uploads\/2023\/03\/Pismo-cz.2-1114x1536.jpg 1114w, https:\/\/www.sm-kjn.waw.pl\/wordpress\/wp-content\/uploads\/2023\/03\/Pismo-cz.2-1485x2048.jpg 1485w, https:\/\/www.sm-kjn.waw.pl\/wordpress\/wp-content\/uploads\/2023\/03\/Pismo-cz.2.jpg 1527w\" sizes=\"(max-width: 643px) 100vw, 643px\" \/><\/a><\/p>\n<p><img loading=\"lazy\" decoding=\"async\" class=\"alignnone size-large wp-image-2176 aligncenter\" src=\"https:\/\/www.sm-kjn.waw.pl\/wordpress\/wp-content\/uploads\/2023\/01\/Ceny-energii-01-23-cz2-832x1024.jpg\" alt=\"\" width=\"640\" height=\"788\" srcset=\"https:\/\/www.sm-kjn.waw.pl\/wordpress\/wp-content\/uploads\/2023\/01\/Ceny-energii-01-23-cz2-832x1024.jpg 832w, https:\/\/www.sm-kjn.waw.pl\/wordpress\/wp-content\/uploads\/2023\/01\/Ceny-energii-01-23-cz2-244x300.jpg 244w, https:\/\/www.sm-kjn.waw.pl\/wordpress\/wp-content\/uploads\/2023\/01\/Ceny-energii-01-23-cz2-768x945.jpg 768w, https:\/\/www.sm-kjn.waw.pl\/wordpress\/wp-content\/uploads\/2023\/01\/Ceny-energii-01-23-cz2-1249x1536.jpg 1249w, https:\/\/www.sm-kjn.waw.pl\/wordpress\/wp-content\/uploads\/2023\/01\/Ceny-energii-01-23-cz2.jpg 1559w\" sizes=\"(max-width: 640px) 100vw, 640px\" \/><\/p>\n<p><img loading=\"lazy\" decoding=\"async\" class=\"alignnone size-large wp-image-2120 aligncenter\" src=\"https:\/\/www.sm-kjn.waw.pl\/wordpress\/wp-content\/uploads\/2022\/10\/pismo-ZTM-1-805x1024.jpg\" alt=\"\" width=\"640\" height=\"814\" srcset=\"https:\/\/www.sm-kjn.waw.pl\/wordpress\/wp-content\/uploads\/2022\/10\/pismo-ZTM-1-805x1024.jpg 805w, https:\/\/www.sm-kjn.waw.pl\/wordpress\/wp-content\/uploads\/2022\/10\/pismo-ZTM-1-236x300.jpg 236w, https:\/\/www.sm-kjn.waw.pl\/wordpress\/wp-content\/uploads\/2022\/10\/pismo-ZTM-1-768x977.jpg 768w, https:\/\/www.sm-kjn.waw.pl\/wordpress\/wp-content\/uploads\/2022\/10\/pismo-ZTM-1-1207x1536.jpg 1207w, https:\/\/www.sm-kjn.waw.pl\/wordpress\/wp-content\/uploads\/2022\/10\/pismo-ZTM-1.jpg 1608w\" sizes=\"(max-width: 640px) 100vw, 640px\" \/><\/p>\n<p><img loading=\"lazy\" decoding=\"async\" class=\"alignnone wp-image-2121 aligncenter\" src=\"https:\/\/www.sm-kjn.waw.pl\/wordpress\/wp-content\/uploads\/2022\/10\/pismo-ZTM-2-1024x851.jpg\" alt=\"\" width=\"599\" height=\"498\" srcset=\"https:\/\/www.sm-kjn.waw.pl\/wordpress\/wp-content\/uploads\/2022\/10\/pismo-ZTM-2-1024x851.jpg 1024w, https:\/\/www.sm-kjn.waw.pl\/wordpress\/wp-content\/uploads\/2022\/10\/pismo-ZTM-2-300x249.jpg 300w, https:\/\/www.sm-kjn.waw.pl\/wordpress\/wp-content\/uploads\/2022\/10\/pismo-ZTM-2-768x638.jpg 768w, https:\/\/www.sm-kjn.waw.pl\/wordpress\/wp-content\/uploads\/2022\/10\/pismo-ZTM-2.jpg 1502w\" sizes=\"(max-width: 599px) 100vw, 599px\" \/><\/p>\n<table>\n<tbody>\n<tr>\n<td style=\"text-align: center;\" colspan=\"2\">Elektroniczny system obs\u0142ugi mieszka\u0144c\u00f3w &#8211; zak\u0142adka<strong><span style=\"color: #ff0000;\"> EOM<\/span><\/strong><\/td>\n<\/tr>\n<tr>\n<td style=\"text-align: center;\" colspan=\"2\"><a href=\"https:\/\/www.sm-kjn.waw.pl\/wordpress\/wp-content\/uploads\/2012\/12\/statut01-10.pdf\">Statut SM Ko\u0144ski Jar-Nutki<\/a><\/td>\n<\/tr>\n<\/tbody>\n<\/table>\n","protected":false},"excerpt":{"rendered":"<p>Historia Sp\u00f3\u0142dzielni Mieszkaniowej &#8222;KO\u0143SKI JAR-NUTKI&#8221; si\u0119ga grudnia 1991 roku, kiedy to zosta\u0142a ona zarejestrowana jako samodzielna sp\u00f3\u0142dzielnia, powsta\u0142a w wyniku podzia\u0142u SBM &#8222;Ursyn\u00f3w&#8221;. Zlokalizowana jest na warszawskim Ursynowie, w po\u0142udniowej cz\u0119\u015bci Warszawy. Obejmuje obszar\u00a0 ograniczony ulicami: Surowieckiego,\u00a0 Al. Komisji Edukacji &hellip; <a class=\"more-link\" href=\"https:\/\/www.sm-kjn.waw.pl\/wordpress\/\">Continue reading <span class=\"meta-nav\">&rarr;<\/span><\/a><\/p>\n","protected":false},"author":1,"featured_media":0,"parent":0,"menu_order":1,"comment_status":"closed","ping_status":"closed","template":"","meta":{"_et_pb_use_builder":"","_et_pb_old_content":"","_et_gb_content_width":"","footnotes":""},"class_list":["post-90","page","type-page","status-publish","hentry"],"_links":{"self":[{"href":"https:\/\/www.sm-kjn.waw.pl\/wordpress\/wp-json\/wp\/v2\/pages\/90","targetHints":{"allow":["GET"]}}],"collection":[{"href":"https:\/\/www.sm-kjn.waw.pl\/wordpress\/wp-json\/wp\/v2\/pages"}],"about":[{"href":"https:\/\/www.sm-kjn.waw.pl\/wordpress\/wp-json\/wp\/v2\/types\/page"}],"author":[{"embeddable":true,"href":"https:\/\/www.sm-kjn.waw.pl\/wordpress\/wp-json\/wp\/v2\/users\/1"}],"replies":[{"embeddable":true,"href":"https:\/\/www.sm-kjn.waw.pl\/wordpress\/wp-json\/wp\/v2\/comments?post=90"}],"version-history":[{"count":286,"href":"https:\/\/www.sm-kjn.waw.pl\/wordpress\/wp-json\/wp\/v2\/pages\/90\/revisions"}],"predecessor-version":[{"id":2799,"href":"https:\/\/www.sm-kjn.waw.pl\/wordpress\/wp-json\/wp\/v2\/pages\/90\/revisions\/2799"}],"wp:attachment":[{"href":"https:\/\/www.sm-kjn.waw.pl\/wordpress\/wp-json\/wp\/v2\/media?parent=90"}],"curies":[{"name":"wp","href":"https:\/\/api.w.org\/{rel}","templated":true}]}}